{"id":1071,"date":"2022-07-31T15:34:10","date_gmt":"2022-07-31T15:34:10","guid":{"rendered":"https:\/\/itcroctheme.com\/wp\/demos\/themes\/benqu\/?page_id=1071"},"modified":"2025-06-13T18:59:59","modified_gmt":"2025-06-13T16:59:59","slug":"sobre-mi","status":"publish","type":"page","link":"https:\/\/www.elvigilantedigital.com\/en\/sobre-mi\/","title":{"rendered":"About me"},"content":{"rendered":"<div data-elementor-type=\"wp-page\" data-elementor-id=\"1071\" class=\"elementor elementor-1071\">\n\t\t\t\t\t\t<section class=\"elementor-section elementor-top-section elementor-element elementor-element-8253c42 elementor-section-full_width elementor-section-height-default elementor-section-height-default\" data-id=\"8253c42\" data-element_type=\"section\">\n\t\t\t\t\t\t<div class=\"elementor-container elementor-column-gap-no\">\n\t\t\t\t\t<div class=\"elementor-column elementor-col-100 elementor-top-column elementor-element elementor-element-99b02e7\" data-id=\"99b02e7\" data-element_type=\"column\">\n\t\t\t<div class=\"elementor-widget-wrap elementor-element-populated\">\n\t\t\t\t\t\t<div class=\"elementor-element elementor-element-6ddd46e elementor-widget elementor-widget-benqu-breadcrum-id\" data-id=\"6ddd46e\" data-element_type=\"widget\" data-widget_type=\"benqu-breadcrum-id.default\">\n\t\t\t\t<div class=\"elementor-widget-container\">\n\t\t\t\t\t\t<div class=\"benqu-breadcrumb\">\r\n\t\t<div class=\"container\">\r\n\t\t\t<div class=\"row\">\r\n\t\t\t\t<div class=\"col-lg-12\">\r\n                    <div class=\"breadcrumb-item\">\r\n                        <ol class=\"breadcrumb-item\"><li><a href=\"https:\/\/www.elvigilantedigital.com\/en\">Start<\/a><\/li> <\/ol>                    <\/div>\r\n\t\t\t\t\t\r\n\t\t\t\t<\/div>\r\n\t\t\t<\/div>\r\n\t\t<\/div>\r\n\t<\/div>\r\n    \t\t\t\t<\/div>\n\t\t\t\t<\/div>\n\t\t\t\t\t<\/div>\n\t\t<\/div>\n\t\t\t\t\t<\/div>\n\t\t<\/section>\n\t\t\t\t<section class=\"elementor-section elementor-top-section elementor-element elementor-element-c0a560e elementor-section-boxed elementor-section-height-default elementor-section-height-default\" data-id=\"c0a560e\" data-element_type=\"section\">\n\t\t\t\t\t\t<div class=\"elementor-container elementor-column-gap-default\">\n\t\t\t\t\t<div class=\"elementor-column elementor-col-100 elementor-top-column elementor-element elementor-element-092562c\" data-id=\"092562c\" data-element_type=\"column\">\n\t\t\t<div class=\"elementor-widget-wrap elementor-element-populated\">\n\t\t\t\t\t\t<div class=\"elementor-element elementor-element-887054b elementor-widget elementor-widget-heading\" data-id=\"887054b\" data-element_type=\"widget\" data-widget_type=\"heading.default\">\n\t\t\t\t<div class=\"elementor-widget-container\">\n\t\t\t\t\t<h2 class=\"elementor-heading-title elementor-size-default\">\u00bfQu\u00e9 es el <\/h2>\t\t\t\t<\/div>\n\t\t\t\t<\/div>\n\t\t\t\t<div class=\"elementor-element elementor-element-8d731f0 elementor-widget elementor-widget-heading\" data-id=\"8d731f0\" data-element_type=\"widget\" data-widget_type=\"heading.default\">\n\t\t\t\t<div class=\"elementor-widget-container\">\n\t\t\t\t\t<h2 class=\"elementor-heading-title elementor-size-default\">Vigilante Digital?<\/h2>\t\t\t\t<\/div>\n\t\t\t\t<\/div>\n\t\t\t\t<div class=\"elementor-element elementor-element-1f5a62c elementor-widget elementor-widget-heading\" data-id=\"1f5a62c\" data-element_type=\"widget\" data-widget_type=\"heading.default\">\n\t\t\t\t<div class=\"elementor-widget-container\">\n\t\t\t\t\t<p class=\"elementor-heading-title elementor-size-default\"><p data-start=\"152\" data-end=\"314\">\u00a1Hola! \ud83d\udc4b<br data-start=\"161\" data-end=\"164\">Soy el creador de <em data-start=\"182\" data-end=\"204\">The Digital Watchman<\/em>, un espacio dedicado a compartir noticias, herramientas, an\u00e1lisis y recursos sobre ciberseguridad en espa\u00f1ol.<\/p>\n<span>Mi objetivo es acercar el mundo de la seguridad inform\u00e1tica tanto a quienes est\u00e1n dando sus primeros pasos como a profesionales en activo. Aqu\u00ed encontrar\u00e1s desde gu\u00edas pr\u00e1cticas y an\u00e1lisis de amenazas hasta recomendaciones de herramientas open source o novedades t\u00e9cnicas.<\/span><\/p>\t\t\t\t<\/div>\n\t\t\t\t<\/div>\n\t\t\t\t\t<\/div>\n\t\t<\/div>\n\t\t\t\t\t<\/div>\n\t\t<\/section>\n\t\t\t\t<section class=\"elementor-section elementor-top-section elementor-element elementor-element-3646e38 elementor-section-boxed elementor-section-height-default elementor-section-height-default\" data-id=\"3646e38\" data-element_type=\"section\" data-settings=\"{&quot;background_background&quot;:&quot;classic&quot;}\">\n\t\t\t\t\t\t<div class=\"elementor-container elementor-column-gap-default\">\n\t\t\t\t\t<div class=\"elementor-column elementor-col-50 elementor-top-column elementor-element elementor-element-de3e98b\" data-id=\"de3e98b\" data-element_type=\"column\">\n\t\t\t<div class=\"elementor-widget-wrap elementor-element-populated\">\n\t\t\t\t\t\t<div class=\"elementor-element elementor-element-8149751 elementor-widget elementor-widget-heading\" data-id=\"8149751\" data-element_type=\"widget\" data-widget_type=\"heading.default\">\n\t\t\t\t<div class=\"elementor-widget-container\">\n\t\t\t\t\t<h2 class=\"elementor-heading-title elementor-size-default\">\u00bfQui\u00e9n soy?<\/h2>\t\t\t\t<\/div>\n\t\t\t\t<\/div>\n\t\t\t\t<div class=\"elementor-element elementor-element-b2eb78b elementor-widget elementor-widget-heading\" data-id=\"b2eb78b\" data-element_type=\"widget\" data-widget_type=\"heading.default\">\n\t\t\t\t<div class=\"elementor-widget-container\">\n\t\t\t\t\t<p class=\"elementor-heading-title elementor-size-default\">Apasionado de la tecnolog\u00eda, llevo a\u00f1os form\u00e1ndome y trabajando en entornos relacionados con la ciberseguridad, la administraci\u00f3n de sistemas y el an\u00e1lisis de amenazas. Mi enfoque combina la curiosidad t\u00e9cnica con la voluntad de explicar conceptos complejos de forma clara y accesible.<\/p>\t\t\t\t<\/div>\n\t\t\t\t<\/div>\n\t\t\t\t\t<\/div>\n\t\t<\/div>\n\t\t\t\t<div class=\"elementor-column elementor-col-50 elementor-top-column elementor-element elementor-element-7ac180f\" data-id=\"7ac180f\" data-element_type=\"column\">\n\t\t\t<div class=\"elementor-widget-wrap elementor-element-populated\">\n\t\t\t\t\t\t<div class=\"elementor-element elementor-element-1c498a8 elementor-widget elementor-widget-image\" data-id=\"1c498a8\" data-element_type=\"widget\" data-widget_type=\"image.default\">\n\t\t\t\t<div class=\"elementor-widget-container\">\n\t\t\t\t\t\t\t\t\t\t\t\t\t\t\t<img fetchpriority=\"high\" decoding=\"async\" width=\"371\" height=\"450\" src=\"https:\/\/www.elvigilantedigital.com\/wp-content\/uploads\/2025\/06\/el_vigilante_digital-371x450.jpg\" class=\"attachment-benqu-img-size3 size-benqu-img-size3 wp-image-2040\" alt=\"\" \/>\t\t\t\t\t\t\t\t\t\t\t\t\t\t\t<\/div>\n\t\t\t\t<\/div>\n\t\t\t\t\t<\/div>\n\t\t<\/div>\n\t\t\t\t\t<\/div>\n\t\t<\/section>\n\t\t\t\t<section class=\"elementor-section elementor-top-section elementor-element elementor-element-8d2a366 elementor-section-boxed elementor-section-height-default elementor-section-height-default\" data-id=\"8d2a366\" data-element_type=\"section\">\n\t\t\t\t\t\t<div class=\"elementor-container elementor-column-gap-default\">\n\t\t\t\t\t<div class=\"elementor-column elementor-col-100 elementor-top-column elementor-element elementor-element-1e0a895\" data-id=\"1e0a895\" data-element_type=\"column\">\n\t\t\t<div class=\"elementor-widget-wrap elementor-element-populated\">\n\t\t\t\t\t\t<section class=\"elementor-section elementor-inner-section elementor-element elementor-element-287a3e6 elementor-section-boxed elementor-section-height-default elementor-section-height-default\" data-id=\"287a3e6\" data-element_type=\"section\">\n\t\t\t\t\t\t<div class=\"elementor-container elementor-column-gap-no\">\n\t\t\t\t\t<div class=\"elementor-column elementor-col-50 elementor-inner-column elementor-element elementor-element-cbfb58c\" data-id=\"cbfb58c\" data-element_type=\"column\">\n\t\t\t<div class=\"elementor-widget-wrap elementor-element-populated\">\n\t\t\t\t\t\t<div class=\"elementor-element elementor-element-a678c4a elementor-widget elementor-widget-text-editor\" data-id=\"a678c4a\" data-element_type=\"widget\" data-widget_type=\"text-editor.default\">\n\t\t\t\t<div class=\"elementor-widget-container\">\n\t\t\t\t\t\t\t\t\t<h3 data-start=\"894\" data-end=\"928\">\u00bfQu\u00e9 encontrar\u00e1s en este blog?<\/h3><p>\u00a0<\/p><ul data-start=\"930\" data-end=\"1206\"><li data-start=\"930\" data-end=\"972\"><p data-start=\"932\" data-end=\"972\">\ud83d\udd10 Noticias actuales de ciberseguridad<\/p><\/li><li data-start=\"973\" data-end=\"1017\"><p data-start=\"975\" data-end=\"1017\">\ud83d\udee0\ufe0f Herramientas gratuitas y open source<\/p><\/li><li data-start=\"1018\" data-end=\"1082\"><p data-start=\"1020\" data-end=\"1082\">\ud83e\uddea An\u00e1lisis de malware, vulnerabilidades y t\u00e9cnicas forenses<\/p><\/li><li data-start=\"1083\" data-end=\"1133\"><p data-start=\"1085\" data-end=\"1133\">\ud83d\udcda Gu\u00edas paso a paso para aprender y practicar<\/p><\/li><li data-start=\"1134\" data-end=\"1206\"><p data-start=\"1136\" data-end=\"1206\">\ud83d\uddde\ufe0f Actualizaciones desde GitHub, redes y comunidades especializadas<\/p><\/li><\/ul>\t\t\t\t\t\t\t\t<\/div>\n\t\t\t\t<\/div>\n\t\t\t\t\t<\/div>\n\t\t<\/div>\n\t\t\t\t<div class=\"elementor-column elementor-col-50 elementor-inner-column elementor-element elementor-element-0699f5c\" data-id=\"0699f5c\" data-element_type=\"column\">\n\t\t\t<div class=\"elementor-widget-wrap elementor-element-populated\">\n\t\t\t\t\t\t<div class=\"elementor-element elementor-element-76ad88e elementor-widget elementor-widget-text-editor\" data-id=\"76ad88e\" data-element_type=\"widget\" data-widget_type=\"text-editor.default\">\n\t\t\t\t<div class=\"elementor-widget-container\">\n\t\t\t\t\t\t\t\t\t<p><span style=\"color: #1d2027; font-family: 'Encode Sans Condensed', sans-serif; font-size: 24px; font-weight: bold; display: inline !important;\">\u00bfPor qu\u00e9 <\/span><em style=\"color: #1d2027; font-family: 'Encode Sans Condensed', sans-serif; font-size: 24px; font-weight: bold;\" data-start=\"1221\" data-end=\"1243\">The Digital Watchman<\/em><span style=\"color: #1d2027; font-family: 'Encode Sans Condensed', sans-serif; font-size: 24px; font-weight: bold; display: inline !important;\">?<\/span><\/p><p><span style=\"color: #1d2027; font-family: 'Encode Sans Condensed', sans-serif; font-size: 24px; font-weight: bold; display: inline !important;\">\u00a0<\/span><\/p><p data-start=\"1246\" data-end=\"1501\">Vivimos en un entorno digital donde la vigilancia ya no es opcional, sino necesaria. Este blog nace con la intenci\u00f3n de compartir conocimiento, ayudar a detectar riesgos y ofrecer recursos \u00fatiles para protegernos y entender el mundo digital que nos rodea.<\/p>\t\t\t\t\t\t\t\t<\/div>\n\t\t\t\t<\/div>\n\t\t\t\t\t<\/div>\n\t\t<\/div>\n\t\t\t\t\t<\/div>\n\t\t<\/section>\n\t\t\t\t\t<\/div>\n\t\t<\/div>\n\t\t\t\t\t<\/div>\n\t\t<\/section>\n\t\t\t\t<\/div>","protected":false},"excerpt":{"rendered":"<p>Inicio \u00bfQu\u00e9 es el Vigilante Digital? \u00a1Hola! \ud83d\udc4bSoy el creador de El Vigilante Digital, un espacio dedicado a compartir noticias, herramientas, an\u00e1lisis y recursos sobre ciberseguridad en espa\u00f1ol. Mi objetivo es acercar el mundo de la seguridad inform\u00e1tica tanto a quienes est\u00e1n dando sus primeros pasos como a profesionales en activo. Aqu\u00ed encontrar\u00e1s desde gu\u00edas [&hellip;]<\/p>\n","protected":false},"author":1,"featured_media":0,"parent":0,"menu_order":0,"comment_status":"closed","ping_status":"closed","template":"elementor-template.php","meta":{"om_disable_all_campaigns":false,"_monsterinsights_skip_tracking":false,"_monsterinsights_sitenote_active":false,"_monsterinsights_sitenote_note":"","_monsterinsights_sitenote_category":0,"footnotes":""},"class_list":["post-1071","page","type-page","status-publish","hentry"],"aioseo_notices":[],"_links":{"self":[{"href":"https:\/\/www.elvigilantedigital.com\/en\/wp-json\/wp\/v2\/pages\/1071","targetHints":{"allow":["GET"]}}],"collection":[{"href":"https:\/\/www.elvigilantedigital.com\/en\/wp-json\/wp\/v2\/pages"}],"about":[{"href":"https:\/\/www.elvigilantedigital.com\/en\/wp-json\/wp\/v2\/types\/page"}],"author":[{"embeddable":true,"href":"https:\/\/www.elvigilantedigital.com\/en\/wp-json\/wp\/v2\/users\/1"}],"replies":[{"embeddable":true,"href":"https:\/\/www.elvigilantedigital.com\/en\/wp-json\/wp\/v2\/comments?post=1071"}],"version-history":[{"count":5,"href":"https:\/\/www.elvigilantedigital.com\/en\/wp-json\/wp\/v2\/pages\/1071\/revisions"}],"predecessor-version":[{"id":2045,"href":"https:\/\/www.elvigilantedigital.com\/en\/wp-json\/wp\/v2\/pages\/1071\/revisions\/2045"}],"wp:attachment":[{"href":"https:\/\/www.elvigilantedigital.com\/en\/wp-json\/wp\/v2\/media?parent=1071"}],"curies":[{"name":"wp","href":"https:\/\/api.w.org\/{rel}","templated":true}]}}